{"id":5101,"date":"2021-02-04T11:20:51","date_gmt":"2021-02-04T11:20:51","guid":{"rendered":"https:\/\/instalegre.com\/cookie-policy\/"},"modified":"2021-02-12T12:09:52","modified_gmt":"2021-02-12T12:09:52","slug":"cookie-policy","status":"publish","type":"page","link":"https:\/\/instalegre.com\/es\/cookie-policy\/","title":{"rendered":"Pol\u00edtica de cookies"},"content":{"rendered":"<p>[et_pb_section fb_built=\u00bb1&#8243; _builder_version=\u00bb3.22&#8243;][et_pb_row _builder_version=\u00bb3.25&#8243; background_size=\u00bbinitial\u00bb background_position=\u00bbtop_left\u00bb background_repeat=\u00bbrepeat\u00bb][et_pb_column type=\u00bb4_4&#8243; _builder_version=\u00bb3.25&#8243; custom_padding=\u00bb|||\u00bb custom_padding__hover=\u00bb|||\u00bb][et_pb_text module_class=\u00bbcustom_bullet custom_bullet&#8211;check\u00bb _builder_version=\u00bb4.9.0&#8243; header_font=\u00bb|800|||||||\u00bb header_text_color=\u00bb#00A99C\u00bb header_font_size=\u00bb38px\u00bb header_2_font=\u00bb|600|||||||\u00bb header_2_text_color=\u00bb#D50858&#8243; header_3_font=\u00bb|800|||||||\u00bb header_3_text_color=\u00bb#89C732&#8243; background_size=\u00bbinitial\u00bb background_position=\u00bbtop_left\u00bb background_repeat=\u00bbrepeat\u00bb hover_enabled=\u00bb0&#8243; sticky_enabled=\u00bb0&#8243;]<\/p>\n<h1>Pol\u00edtica de Cookies<\/h1>\n<p>\u00daltima actualizaci\u00f3n: 9 de diciembre de 2020<\/p>\n<h2>Sumario<\/h2>\n<ul>\n<li>Cookies usadas: Propias y de Terceros<\/li>\n<li>\u00bfSe usan para obtener estad\u00edsticas? S\u00ed, siendo la base legal nuestro inter\u00e9s leg\u00edtimo en realizar una mejor gesti\u00f3n del servicio.<\/li>\n<li>Servicios de terceros que instalan cookies a trav\u00e9s de esta web: Google Analytics<\/li>\n<\/ul>\n<h2>C\u00f3mo configurar y deshabilitar las cookies<\/h2>\n<p>Puedes permitir, bloquear o eliminar las cookies instaladas en tu dispositivo desde tu navegador web. Si no permites la instalaci\u00f3n de cookies en tu dispositivo, puede que la experiencia de navegaci\u00f3n empeore. A continuaci\u00f3n puedes encontrar c\u00f3mo configurar las cookies en cada navegador:<\/p>\n<ul>\n<li><a href=\"http:\/\/windows.microsoft.com\/es-es\/windows-10\/edge-privacy-faq\">Edge<\/a><\/li>\n<li><a href=\"https:\/\/support.google.com\/chrome\/answer\/95647?hl=es\">Google Chrome<\/a><\/li>\n<li><a href=\"https:\/\/support.google.com\/chrome\/answer\/114662?hl=es&amp;visit_id=637480351380672281-252416079&amp;rd=1\">Google Android<\/a><\/li>\n<li><a href=\"https:\/\/support.microsoft.com\/en-us\/topic\/delete-and-manage-cookies-168dab11-0753-043d-7c16-ede5947fc64d\">Internet Explorer 7 y 8<\/a><\/li>\n<li><a href=\"https:\/\/support.microsoft.com\/en-us\/windows?ui=en-US&amp;rs=en-US&amp;ad=US\">Internet Explorer 9<\/a><\/li>\n<li><a href=\"https:\/\/support.microsoft.com\/en-us\/topic\/delete-and-manage-cookies-168dab11-0753-043d-7c16-ede5947fc64d#ie=ie-10\">Internet Explorer 10<\/a><\/li>\n<li><a href=\"https:\/\/support.microsoft.com\/en-us\/topic\/delete-and-manage-cookies-168dab11-0753-043d-7c16-ede5947fc64d#ie=ie-11\">Internet Explorer 11<\/a><\/li>\n<li><a href=\"https:\/\/support.mozilla.org\/es\/kb\/habilitar-y-deshabilitar-cookies-sitios-web-rastrear-preferencias?redirectslug=habilitar-y-deshabilitar-cookies-que-los-sitios-we&amp;redirectlocale=es\">Mozilla Firefox<\/a><\/li>\n<li><a href=\"https:\/\/help.opera.com\/en\/latest\/web-preferences\/#cookies\">Opera<\/a><\/li>\n<li><a href=\"https:\/\/support.apple.com\/guide\/safari\/manage-cookies-and-website-data-sfri11471\/mac\">Safari<\/a><\/li>\n<li><a href=\"https:\/\/support.apple.com\/es-es\/HT201265\">Safari Mobile<\/a><\/li>\n<\/ul>\n<h3>1.- Tipos y usos<\/h3>\n<p>El servicio usa cookies propias y de terceros para mejorar la navegaci\u00f3n, proporcionar el servicio y obtener estad\u00edsticas sobre el uso de la p\u00e1gina web.<\/p>\n<h3>2.- \u00bfQu\u00e9 es una cookie y para qu\u00e9 sirve?<\/h3>\n<p>Una cookie es un fichero de texto que se env\u00eda al navegador web de tu ordenador, m\u00f3vil o tablet y que sirve para almacenar y recuperar informaci\u00f3n sobre la navegaci\u00f3n realizada. Por ejemplo, recordar tu nombre de usuario y contrase\u00f1a o las preferencias de tu perfil.<\/p>\n<h3>3.- \u00bfQu\u00e9 tipos de cookies hay?<\/h3>\n<p>Seg\u00fan qui\u00e9n las gestiona:<\/p>\n<ul>\n<li>Cookies propias; se env\u00edan a tu navegador desde nuestros equipos o dominios web.<\/li>\n<li>Cookies de terceros; se env\u00edan a tu navegador desde un equipo o dominio web que no gestionamos nosotros directamente, sino una tercera entidad como por ejemplo Google.<\/li>\n<\/ul>\n<p>En funci\u00f3n del tiempo que est\u00e1n activas, hay:<\/p>\n<ul>\n<li>Cookies de sesi\u00f3n; permanecen en el archivo de cookies de tu navegador hasta que abandonas la p\u00e1gina web, de modo que ninguna queda en tu dispositivo.<\/li>\n<li>Cookies persistentes; permanecen en tu dispositivo y nuestra web las lee cada vez que realizas una nueva visita. Estas cookies dejan de funcionar pasada una fecha concreta.<\/li>\n<\/ul>\n<p>Finalmente, y seg\u00fan su finalidad, tenemos:<\/p>\n<ul>\n<li><strong>Cookies t\u00e9cnicas<\/strong>; mejoran la navegaci\u00f3n y el buen funcionamiento de la web.<\/li>\n<li><strong>Cookies de personalizaci\u00f3n<\/strong>; permiten acceder al servicio con unas caracter\u00edsticas predefinidas en funci\u00f3n de una serie de criterios.<\/li>\n<li><strong>Cookies de an\u00e1lisis<\/strong>; permiten medir y analizar estad\u00edsticamente el uso que se hace del servicio prestado.<\/li>\n<\/ul>\n<p>&nbsp;<\/p>\n<p>[\/et_pb_text][et_pb_text _builder_version=\u00bb4.8.2&#8243; header_font=\u00bb|800|||||||\u00bb header_text_color=\u00bb#00A99C\u00bb header_font_size=\u00bb38px\u00bb header_2_font=\u00bb|600|||||||\u00bb header_2_text_color=\u00bb#D50858&#8243; header_3_font=\u00bb|800|||||||\u00bb header_3_text_color=\u00bb#89C732&#8243; header_5_text_color=\u00bb#00A99C\u00bb background_size=\u00bbinitial\u00bb background_position=\u00bbtop_left\u00bb background_repeat=\u00bbrepeat\u00bb]<\/p>\n<h2>Cookies usadas por Instant Ticketing:<\/h2>\n<table style=\"width: 711.433px;\">\n<tbody>\n<tr>\n<td style=\"width: 108px;\">\n<h5><strong>Nombre<\/strong><\/h5>\n<\/td>\n<td style=\"width: 462px;\">\n<h5><strong>Origen<\/strong><\/h5>\n<\/td>\n<td style=\"width: 27px;\">\n<h5><strong>Finalidad<\/strong><\/h5>\n<\/td>\n<td style=\"width: 65px;\">\n<h5><strong>Tipo<\/strong><\/h5>\n<\/td>\n<td style=\"width: 209.433px;\">\n<h5><strong>Caducidad<\/strong><\/h5>\n<\/td>\n<\/tr>\n<tr>\n<td style=\"width: 108px;\">_ga<\/td>\n<td style=\"width: 462px;\">instant-ticketing.com<\/td>\n<td style=\"width: 27px;\">Anal\u00edtica (rendimiento)<\/td>\n<td style=\"width: 65px;\">Propia<\/td>\n<td style=\"width: 209.433px;\">2 a\u00f1os<\/td>\n<\/tr>\n<tr>\n<td style=\"width: 108px;\">_gid<\/td>\n<td style=\"width: 462px;\">instant-ticketing.com<\/td>\n<td style=\"width: 27px;\">Anal\u00edtica (funcionalidad)<\/td>\n<td style=\"width: 65px;\">Propia<\/td>\n<td style=\"width: 209.433px;\">1 d\u00eda<\/td>\n<\/tr>\n<tr>\n<td style=\"width: 108px;\">_gat<\/td>\n<td style=\"width: 462px;\">instant-ticketing.com<\/td>\n<td style=\"width: 27px;\">Anal\u00edtica (rendimiento)<\/td>\n<td style=\"width: 65px;\">Propia<\/td>\n<td style=\"width: 209.433px;\">Sesi\u00f3n<\/td>\n<\/tr>\n<\/tbody>\n<\/table>\n<p>&nbsp;<\/p>\n<h5><strong>Lista de cookies de tercero usadas por Instant Ticketing:<\/strong><\/h5>\n<p><a href=\"https:\/\/developers.google.com\/analytics\/devguides\/collection\/analyticsjs\/cookie-usage\">Google Analytics<\/a>: Sus cookies (como por ejemplo _ga) permiten contabilizar las veces que un usuario visita una web, c\u00f3mo, cu\u00e1ndo y desde d\u00f3nde lo hace.<\/p>\n<p>En cualquier caso, puedes inhabilitar las cookies de <a href=\"https:\/\/tools.google.com\/dlpage\/gaoptout\">Google Analytics desde aqu\u00ed<\/a>.<\/p>\n<p>[\/et_pb_text][\/et_pb_column][\/et_pb_row][\/et_pb_section]<\/p>\n","protected":false},"excerpt":{"rendered":"<p>Pol\u00edtica de Cookies \u00daltima actualizaci\u00f3n: 9 de diciembre de 2020 Sumario Cookies usadas: Propias y de Terceros \u00bfSe usan para obtener estad\u00edsticas? S\u00ed, siendo la base legal nuestro inter\u00e9s leg\u00edtimo en realizar una mejor gesti\u00f3n del servicio. Servicios de terceros que instalan cookies a trav\u00e9s de esta web: Google Analytics C\u00f3mo configurar y deshabilitar las [&hellip;]<\/p>\n","protected":false},"author":1,"featured_media":0,"parent":0,"menu_order":0,"comment_status":"closed","ping_status":"closed","template":"","meta":{"_et_pb_use_builder":"on","_et_pb_old_content":"","_et_gb_content_width":"","footnotes":""},"class_list":["post-5101","page","type-page","status-publish","hentry"],"_links":{"self":[{"href":"https:\/\/instalegre.com\/es\/wp-json\/wp\/v2\/pages\/5101","targetHints":{"allow":["GET"]}}],"collection":[{"href":"https:\/\/instalegre.com\/es\/wp-json\/wp\/v2\/pages"}],"about":[{"href":"https:\/\/instalegre.com\/es\/wp-json\/wp\/v2\/types\/page"}],"author":[{"embeddable":true,"href":"https:\/\/instalegre.com\/es\/wp-json\/wp\/v2\/users\/1"}],"replies":[{"embeddable":true,"href":"https:\/\/instalegre.com\/es\/wp-json\/wp\/v2\/comments?post=5101"}],"version-history":[{"count":4,"href":"https:\/\/instalegre.com\/es\/wp-json\/wp\/v2\/pages\/5101\/revisions"}],"predecessor-version":[{"id":5113,"href":"https:\/\/instalegre.com\/es\/wp-json\/wp\/v2\/pages\/5101\/revisions\/5113"}],"wp:attachment":[{"href":"https:\/\/instalegre.com\/es\/wp-json\/wp\/v2\/media?parent=5101"}],"curies":[{"name":"wp","href":"https:\/\/api.w.org\/{rel}","templated":true}]}}