{"id":5383,"date":"2021-03-10T11:41:06","date_gmt":"2021-03-10T11:41:06","guid":{"rendered":"https:\/\/instalegre.com\/hello\/"},"modified":"2021-03-18T12:51:31","modified_gmt":"2021-03-18T12:51:31","slug":"hello","status":"publish","type":"page","link":"https:\/\/instalegre.com\/es\/hello\/","title":{"rendered":"Inicio"},"content":{"rendered":"<p>[et_pb_section fb_built=\u00bb1&#8243; module_id=\u00bbhome\u00bb _builder_version=\u00bb4.9.1&#8243; _module_preset=\u00bbdefault\u00bb background_enable_color=\u00bboff\u00bb background_image=\u00bbhttps:\/\/instalegre.com\/wp-content\/uploads\/2021\/01\/icon-innovation-bkgrd2.png\u00bb background_size=\u00bbcontain\u00bb background_position=\u00bbbottom_left\u00bb custom_css_main_element=\u00bbmin-height: 100vh;||display: flex;||flex-direction: column;\u00bb][et_pb_row column_structure=\u00bb3_5,2_5&#8243; use_custom_gutter=\u00bbon\u00bb gutter_width=\u00bb2&#8243; _builder_version=\u00bb4.9.1&#8243; _module_preset=\u00bbdefault\u00bb width=\u00bb95%\u00bb max_width=\u00bb1920px\u00bb max_width_tablet=\u00bb\u00bb max_width_phone=\u00bb91%\u00bb max_width_last_edited=\u00bbon|phone\u00bb custom_margin_tablet=\u00bb|50px||20px|false|false\u00bb custom_margin_phone=\u00bb|50px||20px|false|false\u00bb custom_margin_last_edited=\u00bbon|phone\u00bb locked=\u00bboff\u00bb][et_pb_column type=\u00bb3_5&#8243; _builder_version=\u00bb4.9.1&#8243; _module_preset=\u00bbdefault\u00bb background_enable_image=\u00bboff\u00bb background_size=\u00bbinitial\u00bb background_position=\u00bbbottom_left\u00bb][et_pb_text _builder_version=\u00bb4.9.1&#8243; _module_preset=\u00bbdefault\u00bb header_3_font=\u00bbRaleway|100|||||||\u00bb header_3_text_color=\u00bb#1a1a1a\u00bb header_3_font_size=\u00bb48px\u00bb width=\u00bb100%\u00bb custom_margin_tablet=\u00bb\u00bb custom_margin_phone=\u00bb||||true|false\u00bb custom_margin_last_edited=\u00bbon|phone\u00bb custom_padding=\u00bb||20vw||false|false\u00bb header_3_font_size_tablet=\u00bb35px\u00bb header_3_font_size_phone=\u00bb24px\u00bb header_3_font_size_last_edited=\u00bbon|phone\u00bb]<\/p>\n<h3>\u00a1Vende desde cualquier lugar! Plataforma de reservas simple y eficiente para tus ventas online y presenciales. Optimiza tu tiempo para dedicarlo a lo que se te da mejor.<\/h3>\n<p>[\/et_pb_text][\/et_pb_column][et_pb_column type=\u00bb2_5&#8243; _builder_version=\u00bb4.7.7&#8243; _module_preset=\u00bbdefault\u00bb][et_pb_image src=\u00bbhttps:\/\/instalegre.com\/wp-content\/uploads\/2021\/01\/bouncing-arrow.gif\u00bb title_text=\u00bbbouncing-arrow\u00bb url=\u00bb#two-mobile\u00bb _builder_version=\u00bb4.9.1&#8243; _module_preset=\u00bbdefault\u00bb width=\u00bb40%\u00bb width_tablet=\u00bb18%\u00bb width_phone=\u00bb32%\u00bb width_last_edited=\u00bbon|phone\u00bb module_alignment=\u00bbcenter\u00bb custom_margin_tablet=\u00bb\u00bb custom_margin_phone=\u00bb-20vw||||false|false\u00bb custom_margin_last_edited=\u00bbon|phone\u00bb animation_style=\u00bbflip\u00bb animation_duration=\u00bb1300ms\u00bb animation_delay=\u00bb100ms\u00bb animation_intensity_flip=\u00bb68%\u00bb scroll_fade=\u00bb53|87|87|100|0|100|100&#8243; scroll_blur=\u00bb0|21|31|100|20px|0px|20px\u00bb][\/et_pb_image][\/et_pb_column][\/et_pb_row][\/et_pb_section][et_pb_section fb_built=\u00bb1&#8243; use_custom_gutter=\u00bbon\u00bb gutter_width=\u00bb1&#8243; specialty=\u00bbon\u00bb admin_label=\u00bb2nd body mobile ticket\u00bb module_id=\u00bbtwo-mobile\u00bb _builder_version=\u00bb4.9.1&#8243; _module_preset=\u00bbdefault\u00bb use_background_color_gradient=\u00bbon\u00bb background_color_gradient_start=\u00bb#00a99c\u00bb background_color_gradient_end=\u00bb#89c732&#8243; background_color_gradient_start_position=\u00bb70%\u00bb background_color_gradient_end_position=\u00bb70%\u00bb background_image=\u00bbhttps:\/\/instalegre.com\/wp-content\/uploads\/2021\/01\/trees2.png\u00bb parallax=\u00bbon\u00bb parallax_method=\u00bboff\u00bb width=\u00bb100%\u00bb max_width=\u00bb100%\u00bb inner_max_width=\u00bb1366px\u00bb custom_padding=\u00bb5vw|0px|5vw|0px|false|false\u00bb scroll_fade_enable=\u00bbon\u00bb scroll_fade=\u00bb0|27|27|100|0%|100|95%\u00bb background_last_edited=\u00bbon|desktop\u00bb parallax_tablet=\u00bboff\u00bb parallax_phone=\u00bboff\u00bb custom_css_main_element=\u00bbmin-height: 100vh;||display: flex;||flex-direction: column;\u00bb locked=\u00bboff\u00bb][et_pb_column type=\u00bb2_3&#8243; specialty_columns=\u00bb2&#8243; _builder_version=\u00bb3.25&#8243; custom_padding=\u00bb|||\u00bb custom_padding__hover=\u00bb|||\u00bb][et_pb_row_inner use_custom_gutter=\u00bbon\u00bb gutter_width=\u00bb1&#8243; _builder_version=\u00bb4.7.7&#8243; _module_preset=\u00bbdefault\u00bb width=\u00bb100%\u00bb max_width=\u00bb100%\u00bb][et_pb_column_inner saved_specialty_column_type=\u00bb2_3&#8243; _builder_version=\u00bb4.7.7&#8243; _module_preset=\u00bbdefault\u00bb background_image=\u00bbhttps:\/\/instalegre.com\/wp-content\/uploads\/2021\/01\/cloud3.png\u00bb background_size=\u00bbinitial\u00bb custom_padding=\u00bb0px|0px|0px|0px|false|false\u00bb scroll_horizontal_motion=\u00bb0|86|86|100|4|0|-4&#8243;][et_pb_image src=\u00bbhttps:\/\/instalegre.com\/wp-content\/uploads\/2021\/01\/cloud.png\u00bb title_text=\u00bbcloud\u00bb show_bottom_space=\u00bboff\u00bb _builder_version=\u00bb4.7.7&#8243; _module_preset=\u00bbdefault\u00bb width=\u00bb50%\u00bb min_height=\u00bb100px\u00bb height=\u00bb100px\u00bb scroll_horizontal_motion_enable=\u00bbon\u00bb scroll_horizontal_motion=\u00bb0|89|89|100|4|0|-4&#8243; scroll_scaling_enable=\u00bbon\u00bb scroll_scaling=\u00bb0|50|50|100|70|100|30%\u00bb][\/et_pb_image][et_pb_text _builder_version=\u00bb4.9.1&#8243; _module_preset=\u00bbdefault\u00bb header_3_font=\u00bbRaleway|200|||||||\u00bb header_3_text_color=\u00bb#ffffff\u00bb header_3_font_size=\u00bb48px\u00bb width=\u00bb100%\u00bb header_3_font_size_tablet=\u00bb36px\u00bb header_3_font_size_phone=\u00bb24px\u00bb header_3_font_size_last_edited=\u00bbon|phone\u00bb]<\/p>\n<h3>Para el consumidor, una experiencia r\u00e1pida de principio a fin utilizando un simple enlace de c\u00f3digo QR<br \/>Para nuestros clientes un back-office completo para su seguimiento.<\/h3>\n<p>[\/et_pb_text][\/et_pb_column_inner][\/et_pb_row_inner][\/et_pb_column][et_pb_column type=\u00bb1_3&#8243; _builder_version=\u00bb3.25&#8243; custom_padding=\u00bb|||\u00bb custom_padding__hover=\u00bb|||\u00bb][et_pb_image src=\u00bbhttps:\/\/instalegre.com\/wp-content\/uploads\/2021\/01\/cloud3.png\u00bb title_text=\u00bbcloud3&#8243; show_bottom_space=\u00bboff\u00bb _builder_version=\u00bb4.7.7&#8243; _module_preset=\u00bbdefault\u00bb width=\u00bb100%\u00bb min_height_tablet=\u00bb\u00bb min_height_phone=\u00bb\u00bb min_height_last_edited=\u00bbon|desktop\u00bb scroll_horizontal_motion_enable=\u00bbon\u00bb scroll_horizontal_motion=\u00bb0|32|32|100|4|0|-4&#8243; scroll_scaling_enable=\u00bbon\u00bb scroll_scaling=\u00bb0|50|50|100|70|130%|100%\u00bb][\/et_pb_image][et_pb_image src=\u00bbhttps:\/\/instalegre.com\/wp-content\/uploads\/2021\/02\/IT-phone-ticket-ani_ES.gif\u00bb title_text=\u00bbIT-phone-ticket-ani_ES\u00bb url=\u00bb#three-pos\u00bb show_bottom_space=\u00bboff\u00bb align=\u00bbcenter\u00bb _builder_version=\u00bb4.9.1&#8243; _module_preset=\u00bbdefault\u00bb width=\u00bb93%\u00bb width_tablet=\u00bb42%\u00bb width_phone=\u00bb86%\u00bb width_last_edited=\u00bbon|phone\u00bb module_alignment=\u00bbcenter\u00bb custom_margin=\u00bb-5vw||7vw||false|false\u00bb custom_margin_tablet=\u00bb-31vw||||false|false\u00bb custom_margin_phone=\u00bb-26vw||7vw||false|false\u00bb custom_margin_last_edited=\u00bbon|phone\u00bb width__hover_enabled=\u00bbon|desktop\u00bb][\/et_pb_image][\/et_pb_column][\/et_pb_section][et_pb_section fb_built=\u00bb1&#8243; use_custom_gutter=\u00bbon\u00bb gutter_width=\u00bb1&#8243; specialty=\u00bbon\u00bb custom_padding_last_edited=\u00bbon|phone\u00bb admin_label=\u00bb3rd body terminal ticket\u00bb module_id=\u00bbthree-pos\u00bb _builder_version=\u00bb4.9.1&#8243; _module_preset=\u00bbdefault\u00bb use_background_color_gradient=\u00bbon\u00bb background_color_gradient_start=\u00bb#d50858&#8243; background_color_gradient_end=\u00bb#ff931e\u00bb background_color_gradient_start_position=\u00bb68%\u00bb background_color_gradient_end_position=\u00bb68%\u00bb background_enable_image=\u00bboff\u00bb background_size=\u00bbinitial\u00bb width=\u00bb100%\u00bb max_width=\u00bb100%\u00bb inner_max_width=\u00bb1366px\u00bb custom_padding=\u00bb14vw|0px|8vw|0px|false|false\u00bb custom_padding_tablet=\u00bb||0vw||false|false\u00bb custom_padding_phone=\u00bb||0vw||false|false\u00bb scroll_fade_enable=\u00bbon\u00bb scroll_fade=\u00bb0|27|27|100|0%|100|95%\u00bb custom_css_main_element=\u00bbmin-height: 100vh;||display: flex;||flex-direction: column;\u00bb locked=\u00bboff\u00bb][et_pb_column type=\u00bb2_3&#8243; specialty_columns=\u00bb2&#8243; _builder_version=\u00bb3.25&#8243; custom_padding=\u00bb|||\u00bb custom_padding__hover=\u00bb|||\u00bb][et_pb_row_inner use_custom_gutter=\u00bbon\u00bb gutter_width=\u00bb1&#8243; _builder_version=\u00bb4.8.2&#8243; _module_preset=\u00bbdefault\u00bb width=\u00bb100%\u00bb max_width=\u00bb100%\u00bb][et_pb_column_inner saved_specialty_column_type=\u00bb2_3&#8243; _builder_version=\u00bb4.8.2&#8243; _module_preset=\u00bbdefault\u00bb background_enable_image=\u00bboff\u00bb background_size=\u00bbinitial\u00bb custom_padding=\u00bb0px|0px|0px|0px|false|false\u00bb scroll_horizontal_motion=\u00bb0|86|86|100|4|0|-4&#8243;][et_pb_text _builder_version=\u00bb4.9.1&#8243; _module_preset=\u00bbdefault\u00bb header_3_font=\u00bbRaleway|200|||||||\u00bb header_3_text_color=\u00bb#ffffff\u00bb header_3_font_size=\u00bb48px\u00bb width=\u00bb100%\u00bb custom_padding=\u00bb|50px|8vw||false|false\u00bb custom_padding_tablet=\u00bb0px||14vw||false|false\u00bb custom_padding_phone=\u00bb|0px|||false|false\u00bb custom_padding_last_edited=\u00bbon|phone\u00bb header_3_font_size_tablet=\u00bb36px\u00bb header_3_font_size_phone=\u00bb24px\u00bb header_3_font_size_last_edited=\u00bbon|phone\u00bb]<\/p>\n<h3>Tu punto de venta eficiente, un solo dispositivo para un proceso de reserva r\u00e1pido y sencillo que incrementa tus ventas, permite el pago con tarjeta de cr\u00e9dito por contactless y produce tickets de compra.<\/h3>\n<p>[\/et_pb_text][\/et_pb_column_inner][\/et_pb_row_inner][\/et_pb_column][et_pb_column type=\u00bb1_3&#8243; _builder_version=\u00bb3.25&#8243; custom_padding=\u00bb|||\u00bb custom_padding__hover=\u00bb|||\u00bb][et_pb_image src=\u00bbhttps:\/\/instalegre.com\/wp-content\/uploads\/2021\/02\/IT-POSterminal-ticket-ani_ES.gif\u00bb title_text=\u00bbIT-POSterminal-ticket-ani_ES\u00bb url=\u00bb#four-subs\u00bb show_bottom_space=\u00bboff\u00bb align=\u00bbcenter\u00bb _builder_version=\u00bb4.9.1&#8243; _module_preset=\u00bbdefault\u00bb width=\u00bb125%\u00bb width_tablet=\u00bb94%\u00bb width_phone=\u00bb98%\u00bb width_last_edited=\u00bbon|phone\u00bb module_alignment=\u00bbleft\u00bb custom_margin=\u00bb1vw|4vw|7vw|-4vw|false|false\u00bb custom_margin_tablet=\u00bb-17vw||26vw||false|false\u00bb custom_margin_phone=\u00bb||50vw||false|false\u00bb custom_margin_last_edited=\u00bbon|phone\u00bb custom_padding=\u00bb|||0vw|false|false\u00bb width__hover_enabled=\u00bbon|desktop\u00bb][\/et_pb_image][\/et_pb_column][\/et_pb_section][et_pb_section fb_built=\u00bb1&#8243; admin_label=\u00bbsub-brand lines\u00bb module_id=\u00bbfour-subs\u00bb _builder_version=\u00bb4.9.1&#8243; _module_preset=\u00bbdefault\u00bb background_enable_image=\u00bboff\u00bb background_size=\u00bbcontain\u00bb background_position=\u00bbbottom_right\u00bb width=\u00bb100%\u00bb max_width=\u00bb100%\u00bb custom_css_main_element=\u00bbmin-height: 100vh;||display: flex;||flex-direction: column;\u00bb locked=\u00bboff\u00bb][et_pb_row column_structure=\u00bb1_2,1_2&#8243; use_custom_gutter=\u00bbon\u00bb gutter_width=\u00bb1&#8243; _builder_version=\u00bb4.9.1&#8243; _module_preset=\u00bbdefault\u00bb width=\u00bb95%\u00bb max_width=\u00bb1280px\u00bb max_width_tablet=\u00bb88%\u00bb max_width_phone=\u00bb88%\u00bb max_width_last_edited=\u00bbon|tablet\u00bb][et_pb_column type=\u00bb1_2&#8243; _builder_version=\u00bb4.7.7&#8243; _module_preset=\u00bbdefault\u00bb][et_pb_text _builder_version=\u00bb4.9.1&#8243; _module_preset=\u00bbdefault\u00bb text_font=\u00bbRaleway|200|||||||\u00bb text_text_color=\u00bb#00a99c\u00bb text_font_size=\u00bb71px\u00bb text_line_height=\u00bb1.2em\u00bb text_font_size_tablet=\u00bb76px\u00bb text_font_size_phone=\u00bb39px\u00bb text_font_size_last_edited=\u00bbon|phone\u00bb]<\/p>\n<p>Sencillamente&#8230;<br \/>una mejor manera de vender!<\/p>\n<p>[\/et_pb_text][et_pb_image src=\u00bbhttps:\/\/instalegre.com\/wp-content\/uploads\/2021\/03\/IT_icon_fiable2.png\u00bb title_text=\u00bbIT_icon_fiable2&#8243; _builder_version=\u00bb4.9.1&#8243; _module_preset=\u00bbdefault\u00bb width=\u00bb17%\u00bb custom_margin=\u00bb5vw||||false|false\u00bb locked=\u00bboff\u00bb][\/et_pb_image][\/et_pb_column][et_pb_column type=\u00bb1_2&#8243; _builder_version=\u00bb4.7.7&#8243; _module_preset=\u00bbdefault\u00bb][et_pb_text _builder_version=\u00bb4.9.1&#8243; _module_preset=\u00bbdefault\u00bb text_font=\u00bbRaleway|300|||||||\u00bb text_text_color=\u00bb#000000&#8243; text_font_size=\u00bb23px\u00bb text_line_height=\u00bb1.8em\u00bb text_font_size_tablet=\u00bb20px\u00bb text_font_size_phone=\u00bb18px\u00bb text_font_size_last_edited=\u00bbon|phone\u00bb]<\/p>\n<p>Al vender experiencias, excursiones, eventos o propuestas locales, una plataforma eficiente ahorra tiempo e incidencias en el proceso de reserva, back office y servicio post-venta. Una experiencia de usuario eficiente equivale a un consumidor feliz y seguro. Hazlo m\u00e1s f\u00e1cil, r\u00e1pido y mejor para todos.<br \/>Desarrollado por expertos en la industria tur\u00edstica, todos los escenarios est\u00e1n cubiertos para todo tipo de proveedores y operadores de productos y servicios. Puedes vender desde cualquier ubicaci\u00f3n, ya sea con una unidad de punto de venta en tu negocio o mediante eficientes recorridos online de tus clientes. Esto proporciona un entorno para la compra impulsiva, dondequiera que se encuentre el consumidor.<\/p>\n<p>[\/et_pb_text][\/et_pb_column][\/et_pb_row][et_pb_row admin_label=\u00bbjoin us txt\u00bb _builder_version=\u00bb4.9.1&#8243; _module_preset=\u00bbdefault\u00bb width=\u00bb95%\u00bb max_width=\u00bb1280px\u00bb max_width_tablet=\u00bb88%\u00bb max_width_phone=\u00bb90%\u00bb max_width_last_edited=\u00bbon|tablet\u00bb][et_pb_column type=\u00bb4_4&#8243; _builder_version=\u00bb4.7.7&#8243; _module_preset=\u00bbdefault\u00bb][et_pb_divider _builder_version=\u00bb4.7.7&#8243; _module_preset=\u00bbdefault\u00bb][\/et_pb_divider][et_pb_text _builder_version=\u00bb4.9.1&#8243; _module_preset=\u00bbdefault\u00bb text_font=\u00bbRaleway|200|||||||\u00bb text_text_color=\u00bb#00a99c\u00bb text_font_size=\u00bb76px\u00bb text_line_height=\u00bb1.2em\u00bb text_font_size_tablet=\u00bb\u00bb text_font_size_phone=\u00bb61px\u00bb text_font_size_last_edited=\u00bbon|tablet\u00bb text_orientation_tablet=\u00bbleft\u00bb text_orientation_phone=\u00bbcenter\u00bb text_orientation_last_edited=\u00bbon|phone\u00bb]<\/p>\n<p>\u00danete a nosotros&#8230;<\/p>\n<p>[\/et_pb_text][\/et_pb_column][\/et_pb_row][et_pb_row column_structure=\u00bb1_4,1_4,1_4,1_4&#8243; use_custom_gutter=\u00bbon\u00bb gutter_width=\u00bb2&#8243; admin_label=\u00bbSub-brands\u00bb _builder_version=\u00bb4.9.1&#8243; _module_preset=\u00bbdefault\u00bb width=\u00bb95%\u00bb max_width=\u00bb1260px\u00bb global_module=\u00bb5395&#8243; saved_tabs=\u00bball\u00bb locked=\u00bboff\u00bb][et_pb_column type=\u00bb1_4&#8243; _builder_version=\u00bb4.7.7&#8243; _module_preset=\u00bbdefault\u00bb][et_pb_image src=\u00bbhttps:\/\/instalegre.com\/wp-content\/uploads\/2021\/02\/ivendo-logo-1.png\u00bb title_text=\u00bbivendo-logo\u00bb url=\u00bbhttps:\/\/instalegre.com\/es\/iticketing-vendo\/\u00bb align=\u00bbcenter\u00bb admin_label=\u00bbi-vendo\u00bb _builder_version=\u00bb4.9.1&#8243; _module_preset=\u00bbdefault\u00bb width=\u00bb80%\u00bb width_tablet=\u00bb70%\u00bb width_phone=\u00bb65%\u00bb width_last_edited=\u00bbon|phone\u00bb][\/et_pb_image][et_pb_text _builder_version=\u00bb4.9.1&#8243; _module_preset=\u00bbdefault\u00bb header_3_font=\u00bbRaleway|300|||||||\u00bb header_3_text_align=\u00bbcenter\u00bb header_3_text_color=\u00bb#000000&#8243; header_3_font_size=\u00bb24px\u00bb header_4_font=\u00bbRaleway|700|||||||\u00bb header_4_text_align=\u00bbcenter\u00bb header_4_text_color=\u00bb#00a99c\u00bb custom_margin_tablet=\u00bb-21px||||false|false\u00bb custom_margin_phone=\u00bb-21px||||false|false\u00bb custom_margin_last_edited=\u00bbon|tablet\u00bb]<\/p>\n<h3>Hazte cliente<\/h3>\n<h4><a href=\"https:\/\/instalegre.com\/es\/iticketing-vendo\/\">descubre c\u00f3mo<\/a><\/h4>\n<p>[\/et_pb_text][\/et_pb_column][et_pb_column type=\u00bb1_4&#8243; _builder_version=\u00bb4.7.7&#8243; _module_preset=\u00bbdefault\u00bb][et_pb_image src=\u00bbhttps:\/\/instalegre.com\/wp-content\/uploads\/2021\/02\/icolabro-logo-1.png\u00bb title_text=\u00bbicolabro-logo\u00bb url=\u00bbhttps:\/\/instalegre.com\/es\/iticketing-colabro\/\u00bb align=\u00bbcenter\u00bb admin_label=\u00bbi-colabro\u00bb _builder_version=\u00bb4.9.1&#8243; _module_preset=\u00bbdefault\u00bb width=\u00bb80%\u00bb width_tablet=\u00bb70%\u00bb width_phone=\u00bb65%\u00bb width_last_edited=\u00bbon|phone\u00bb][\/et_pb_image][et_pb_text _builder_version=\u00bb4.9.1&#8243; _module_preset=\u00bbdefault\u00bb header_3_font=\u00bbRaleway|300|||||||\u00bb header_3_text_align=\u00bbcenter\u00bb header_3_text_color=\u00bb#000000&#8243; header_3_font_size=\u00bb24px\u00bb header_4_font=\u00bbRaleway|700|||||||\u00bb header_4_text_align=\u00bbcenter\u00bb header_4_text_color=\u00bb#d50858&#8243; custom_margin_tablet=\u00bb-21px||||false|false\u00bb custom_margin_phone=\u00bb-21px||||false|false\u00bb custom_margin_last_edited=\u00bbon|tablet\u00bb]<\/p>\n<h3>Distribuye tus productos<\/h3>\n<h4><a href=\"https:\/\/instalegre.com\/es\/iticketing-colabro\/\">descubre c\u00f3mo<\/a><\/h4>\n<p>[\/et_pb_text][\/et_pb_column][et_pb_column type=\u00bb1_4&#8243; _builder_version=\u00bb4.7.7&#8243; _module_preset=\u00bbdefault\u00bb][et_pb_image src=\u00bbhttps:\/\/instalegre.com\/wp-content\/uploads\/2021\/02\/itech-logo-1.png\u00bb title_text=\u00bbitech-logo\u00bb url=\u00bbhttps:\/\/instalegre.com\/es\/iticketing-tech\/\u00bb align=\u00bbcenter\u00bb admin_label=\u00bbi-tech\u00bb _builder_version=\u00bb4.9.1&#8243; _module_preset=\u00bbdefault\u00bb width=\u00bb80%\u00bb width_tablet=\u00bb70%\u00bb width_phone=\u00bb65%\u00bb width_last_edited=\u00bbon|phone\u00bb][\/et_pb_image][et_pb_text _builder_version=\u00bb4.9.1&#8243; _module_preset=\u00bbdefault\u00bb header_3_font=\u00bbRaleway|300|||||||\u00bb header_3_text_align=\u00bbcenter\u00bb header_3_text_color=\u00bb#000000&#8243; header_3_font_size=\u00bb24px\u00bb header_4_font=\u00bbRaleway|700|||||||\u00bb header_4_text_align=\u00bbcenter\u00bb header_4_text_color=\u00bb#89c732&#8243; custom_margin_tablet=\u00bb-21px||||false|false\u00bb custom_margin_phone=\u00bb-21px||||false|false\u00bb custom_margin_last_edited=\u00bbon|tablet\u00bb]<\/p>\n<h3>Obt\u00e9n una licencia<\/h3>\n<h4><a href=\"https:\/\/instalegre.com\/es\/iticketing-tech\/\">descubre c\u00f3mo<\/a><\/h4>\n<p>[\/et_pb_text][\/et_pb_column][et_pb_column type=\u00bb1_4&#8243; _builder_version=\u00bb4.7.7&#8243; _module_preset=\u00bbdefault\u00bb][et_pb_image src=\u00bbhttps:\/\/instalegre.com\/wp-content\/uploads\/2021\/02\/ipubli-logo-1.png\u00bb title_text=\u00bbipubli-logo\u00bb url=\u00bbhttps:\/\/instalegre.com\/es\/iticketing-publi\/\u00bb align=\u00bbcenter\u00bb admin_label=\u00bbi-publi\u00bb _builder_version=\u00bb4.9.1&#8243; _module_preset=\u00bbdefault\u00bb width=\u00bb80%\u00bb width_tablet=\u00bb70%\u00bb width_phone=\u00bb65%\u00bb width_last_edited=\u00bbon|phone\u00bb][\/et_pb_image][et_pb_text _builder_version=\u00bb4.9.1&#8243; _module_preset=\u00bbdefault\u00bb header_3_font=\u00bbRaleway|300|||||||\u00bb header_3_text_align=\u00bbcenter\u00bb header_3_text_color=\u00bb#000000&#8243; header_3_font_size=\u00bb24px\u00bb header_4_font=\u00bbRaleway|700|||||||\u00bb header_4_text_align=\u00bbcenter\u00bb header_4_text_color=\u00bb#f89300&#8243; custom_margin_tablet=\u00bb-21px||||false|false\u00bb custom_margin_phone=\u00bb-21px||||false|false\u00bb custom_margin_last_edited=\u00bbon|tablet\u00bb]<\/p>\n<h3>Destaca tu negocio<\/h3>\n<h4><a href=\"https:\/\/instalegre.com\/es\/iticketing-publi\/\">descubre c\u00f3mo<\/a><\/h4>\n<p>[\/et_pb_text][\/et_pb_column][\/et_pb_row][\/et_pb_section]<\/p>\n","protected":false},"excerpt":{"rendered":"<p>\u00a1Vende desde cualquier lugar! Plataforma de reservas simple y eficiente para tus ventas online y presenciales. Optimiza tu tiempo para dedicarlo a lo que se te da mejor.Para el consumidor, una experiencia r\u00e1pida de principio a fin utilizando un simple enlace de c\u00f3digo QRPara nuestros clientes un back-office completo para su seguimiento.Tu punto de venta [&hellip;]<\/p>\n","protected":false},"author":1,"featured_media":0,"parent":0,"menu_order":0,"comment_status":"closed","ping_status":"closed","template":"","meta":{"_et_pb_use_builder":"on","_et_pb_old_content":"","_et_gb_content_width":"","footnotes":""},"class_list":["post-5383","page","type-page","status-publish","hentry"],"_links":{"self":[{"href":"https:\/\/instalegre.com\/es\/wp-json\/wp\/v2\/pages\/5383","targetHints":{"allow":["GET"]}}],"collection":[{"href":"https:\/\/instalegre.com\/es\/wp-json\/wp\/v2\/pages"}],"about":[{"href":"https:\/\/instalegre.com\/es\/wp-json\/wp\/v2\/types\/page"}],"author":[{"embeddable":true,"href":"https:\/\/instalegre.com\/es\/wp-json\/wp\/v2\/users\/1"}],"replies":[{"embeddable":true,"href":"https:\/\/instalegre.com\/es\/wp-json\/wp\/v2\/comments?post=5383"}],"version-history":[{"count":13,"href":"https:\/\/instalegre.com\/es\/wp-json\/wp\/v2\/pages\/5383\/revisions"}],"predecessor-version":[{"id":6016,"href":"https:\/\/instalegre.com\/es\/wp-json\/wp\/v2\/pages\/5383\/revisions\/6016"}],"wp:attachment":[{"href":"https:\/\/instalegre.com\/es\/wp-json\/wp\/v2\/media?parent=5383"}],"curies":[{"name":"wp","href":"https:\/\/api.w.org\/{rel}","templated":true}]}}