{"id":6165,"date":"2026-02-05T17:57:01","date_gmt":"2026-02-05T17:57:01","guid":{"rendered":"https:\/\/instalegre.com\/front-page\/"},"modified":"2026-02-05T18:30:53","modified_gmt":"2026-02-05T18:30:53","slug":"front-page","status":"publish","type":"page","link":"https:\/\/instalegre.com\/es\/","title":{"rendered":"Front page"},"content":{"rendered":"<p>[et_pb_section fb_built=\u00bb1&#8243; _builder_version=\u00bb4.27.5&#8243; _module_preset=\u00bbdefault\u00bb min_height=\u00bb613.3px\u00bb global_colors_info=\u00bb{}\u00bb][et_pb_row column_structure=\u00bb1_2,1_2&#8243; _builder_version=\u00bb4.27.5&#8243; _module_preset=\u00bbdefault\u00bb module_alignment=\u00bbcenter\u00bb custom_margin=\u00bb|484px||484px|false|true\u00bb custom_padding=\u00bb26px|4vw||4vw|false|true\u00bb global_colors_info=\u00bb{}\u00bb][et_pb_column type=\u00bb1_2&#8243; _builder_version=\u00bb4.27.5&#8243; _module_preset=\u00bbdefault\u00bb global_colors_info=\u00bb{}\u00bb][et_pb_blurb title=\u00bb \u00a1Vende desde cualquier lugar!\u00bb url=\u00bb@ET-DC@eyJkeW5hbWljIjp0cnVlLCJjb250ZW50IjoicG9zdF9saW5rX3VybF9wYWdlIiwic2V0dGluZ3MiOnsicG9zdF9pZCI6IjUxNjgifX0=@\u00bb image=\u00bbhttps:\/\/instalegre.com\/wp-content\/uploads\/2021\/01\/IT-logo-nostrap.png\u00bb image_icon_width=\u00bb82%\u00bb _builder_version=\u00bb4.27.5&#8243; _dynamic_attributes=\u00bburl\u00bb _module_preset=\u00bbdefault\u00bb header_font=\u00bb|700|||||||\u00bb header_text_align=\u00bbcenter\u00bb header_text_color=\u00bb#00A99C\u00bb header_font_size=\u00bb27px\u00bb body_text_align=\u00bbcenter\u00bb hover_enabled=\u00bb0&#8243; global_colors_info=\u00bb{}\u00bb sticky_enabled=\u00bb0&#8243;]<\/p>\n<h3>Plataforma de de excursiones sencilla y eficiente para realizar reservas instant\u00e1neas online y en el sitio, para que pueda dedicar m\u00e1s tiempo a lo que mejor sabe hacer.<\/h3>\n<p>[\/et_pb_blurb][et_pb_button button_url=\u00bb@ET-DC@eyJkeW5hbWljIjp0cnVlLCJjb250ZW50IjoicG9zdF9saW5rX3VybF9wYWdlIiwic2V0dGluZ3MiOnsicG9zdF9pZCI6IjUxNjgifX0=@\u00bb button_text=\u00bbm\u00e1s\u00bb button_alignment=\u00bbcenter\u00bb button_alignment_tablet=\u00bbleft\u00bb button_alignment_phone=\u00bbcenter\u00bb button_alignment_last_edited=\u00bbon|phone\u00bb _builder_version=\u00bb4.27.5&#8243; _dynamic_attributes=\u00bbbutton_url\u00bb _module_preset=\u00bbdefault\u00bb custom_button=\u00bbon\u00bb button_text_size=\u00bb27px\u00bb button_text_color=\u00bb#ffffff\u00bb button_bg_color=\u00bb#d50858&#8243; button_border_width=\u00bb0px\u00bb button_border_radius=\u00bb34px\u00bb button_letter_spacing=\u00bb1px\u00bb button_font=\u00bbRaleway|800|||||||\u00bb background_layout=\u00bbdark\u00bb custom_margin_tablet=\u00bb6vw||||false|false\u00bb custom_margin_phone=\u00bb6vw||||false|false\u00bb custom_margin_last_edited=\u00bbon|phone\u00bb animation_style=\u00bbbounce\u00bb hover_enabled=\u00bb0&#8243; locked=\u00bboff\u00bb global_colors_info=\u00bb{}\u00bb sticky_enabled=\u00bb0&#8243;][\/et_pb_button][\/et_pb_column][et_pb_column type=\u00bb1_2&#8243; _builder_version=\u00bb4.27.5&#8243; _module_preset=\u00bbdefault\u00bb global_colors_info=\u00bb{}\u00bb][et_pb_blurb title=\u00bb\u00a1Engancha a tu cliente en cualquier lugar!\u00bb url=\u00bb@ET-DC@eyJkeW5hbWljIjp0cnVlLCJjb250ZW50IjoicG9zdF9saW5rX3VybF9wYWdlIiwic2V0dGluZ3MiOnsicG9zdF9pZCI6IjYwNjUifX0=@\u00bb image=\u00bbhttps:\/\/instalegre.com\/wp-content\/uploads\/2026\/02\/iglocal-logo.png\u00bb image_icon_width=\u00bb92%\u00bb _builder_version=\u00bb4.27.5&#8243; _dynamic_attributes=\u00bburl,link_option_url\u00bb _module_preset=\u00bbdefault\u00bb header_font=\u00bb|700|||||||\u00bb header_text_align=\u00bbcenter\u00bb header_text_color=\u00bb#00A99C\u00bb header_font_size=\u00bb27px\u00bb body_text_align=\u00bbcenter\u00bb link_option_url=\u00bb@ET-DC@eyJkeW5hbWljIjp0cnVlLCJjb250ZW50IjoicG9zdF9saW5rX3VybF9wYWdlIiwic2V0dGluZ3MiOnsicG9zdF9pZCI6IjYwNjUifX0=@\u00bb hover_enabled=\u00bb0&#8243; global_colors_info=\u00bb{}\u00bb custom_padding=\u00bb0px|||||\u00bb sticky_enabled=\u00bb0&#8243;]<\/p>\n<h3>Cree una gu\u00eda tur\u00edstica digital repleta de funciones para sus clientes.<\/h3>\n<p>[\/et_pb_blurb][et_pb_button button_url=\u00bb@ET-DC@eyJkeW5hbWljIjp0cnVlLCJjb250ZW50IjoicG9zdF9saW5rX3VybF9wYWdlIiwic2V0dGluZ3MiOnsicG9zdF9pZCI6IjYwNjUifX0=@\u00bb button_text=\u00bbm\u00e1s\u00bb button_alignment=\u00bbcenter\u00bb button_alignment_tablet=\u00bbleft\u00bb button_alignment_phone=\u00bbcenter\u00bb button_alignment_last_edited=\u00bbon|phone\u00bb _builder_version=\u00bb4.27.5&#8243; _dynamic_attributes=\u00bbbutton_url\u00bb _module_preset=\u00bbdefault\u00bb custom_button=\u00bbon\u00bb button_text_size=\u00bb27px\u00bb button_text_color=\u00bb#ffffff\u00bb button_bg_color=\u00bb#006b6b\u00bb button_border_width=\u00bb0px\u00bb button_border_radius=\u00bb34px\u00bb button_letter_spacing=\u00bb1px\u00bb button_font=\u00bbRaleway|800|||||||\u00bb background_layout=\u00bbdark\u00bb custom_margin_tablet=\u00bb6vw||||false|false\u00bb custom_margin_phone=\u00bb6vw||||false|false\u00bb custom_margin_last_edited=\u00bbon|phone\u00bb animation_style=\u00bbbounce\u00bb hover_enabled=\u00bb0&#8243; locked=\u00bboff\u00bb global_colors_info=\u00bb{}\u00bb sticky_enabled=\u00bb0&#8243;][\/et_pb_button][\/et_pb_column][\/et_pb_row][\/et_pb_section]<\/p>\n","protected":false},"excerpt":{"rendered":"<p>Plataforma de de excursiones sencilla y eficiente para realizar reservas instant\u00e1neas online y en el sitio, para que pueda dedicar m\u00e1s tiempo a lo que mejor sabe hacer.Cree una gu\u00eda tur\u00edstica digital repleta de funciones para sus clientes.<\/p>\n","protected":false},"author":1,"featured_media":0,"parent":0,"menu_order":0,"comment_status":"closed","ping_status":"closed","template":"","meta":{"_et_pb_use_builder":"on","_et_pb_old_content":"","_et_gb_content_width":"","footnotes":""},"class_list":["post-6165","page","type-page","status-publish","hentry"],"_links":{"self":[{"href":"https:\/\/instalegre.com\/es\/wp-json\/wp\/v2\/pages\/6165","targetHints":{"allow":["GET"]}}],"collection":[{"href":"https:\/\/instalegre.com\/es\/wp-json\/wp\/v2\/pages"}],"about":[{"href":"https:\/\/instalegre.com\/es\/wp-json\/wp\/v2\/types\/page"}],"author":[{"embeddable":true,"href":"https:\/\/instalegre.com\/es\/wp-json\/wp\/v2\/users\/1"}],"replies":[{"embeddable":true,"href":"https:\/\/instalegre.com\/es\/wp-json\/wp\/v2\/comments?post=6165"}],"version-history":[{"count":1,"href":"https:\/\/instalegre.com\/es\/wp-json\/wp\/v2\/pages\/6165\/revisions"}],"predecessor-version":[{"id":6167,"href":"https:\/\/instalegre.com\/es\/wp-json\/wp\/v2\/pages\/6165\/revisions\/6167"}],"wp:attachment":[{"href":"https:\/\/instalegre.com\/es\/wp-json\/wp\/v2\/media?parent=6165"}],"curies":[{"name":"wp","href":"https:\/\/api.w.org\/{rel}","templated":true}]}}